{"id":34,"date":"2020-10-07T19:34:46","date_gmt":"2020-10-07T17:34:46","guid":{"rendered":"http:\/\/sv-filippakis.de\/?page_id=34"},"modified":"2020-10-07T21:45:15","modified_gmt":"2020-10-07T19:45:15","slug":"herzlich-willkommen","status":"publish","type":"page","link":"https:\/\/sv-filippakis.de\/","title":{"rendered":"Herzlich willkommen!"},"content":{"rendered":"\n<p>Wir sind die Kfz-Sachverst\u00e4ndigen f\u00fcr Krefeld, T\u00f6nisvorst, Kempen, Willich, Viersen, M\u00f6nchengladbach und Umgebung.  Als Kfz-Sachverst\u00e4ndige sind wir Mitglied im 1994 gegr\u00fcndeten <strong>Verband freier Kraftfahrzeug-Sachverst\u00e4ndiger e.&nbsp;V.<\/strong>&nbsp;(VFK).<\/p>\n\n\n\n<blockquote class=\"wp-block-quote has-text-align-right is-style-default\"><p>Die&nbsp;Sachverst\u00e4ndigen&nbsp;des VFK erstellen Gutachten f\u00fcr&nbsp;Beh\u00f6rden,&nbsp;Wirtschaft,&nbsp;Industrie&nbsp;und&nbsp;Gewerbe&nbsp;sowie f\u00fcr private&nbsp;Verbraucher,&nbsp;Gerichte&nbsp;und&nbsp;Staatsanwaltschaften. Sie werden vor der Aufnahme in die Sachverst\u00e4ndigenrolle vom Verband auf ihre Qualifikation und Berufserfahrung \u00fcberpr\u00fcft. Mitglied des Verbandes k\u00f6nnen somit nur Personen werden, die einen Nachweis ihrer besonderen Fachqualifikation erbringen k\u00f6nnen. In der Regel sind dies nur Personen, die ein Studium oder eine fachspezifische Ausbildung absolviert haben.<\/p><\/blockquote>\n\n\n\n<p>Wenn Sie uns kontaktieren, dann muss es oft sehr schnell gehen, am einfachsten erreichen Sie uns daher auch mobil unter Telefon: <a href=\"tel:+491722041940\" data-type=\"tel\" data-id=\"tel:+491722041940\">0172-2041940<\/a> oder auch <a href=\"mailto:info@sv-filippakis.de\" data-type=\"mailto\" data-id=\"mailto:info@sv-filippakis.de\">per E-Mail<\/a>.<\/p>\n\n\n\n<h2><strong>Wir erstellen f\u00fcr Sie:<\/strong><\/h2>\n\n\n\n<ul><li><strong>Unfall-Gutachten<\/strong><\/li><li><strong>Wertgutachten<\/strong><\/li><li><strong>Restwert-Bewertungen<\/strong><\/li><li><strong>Berechnungen der Wiederbeschaffungswerte<\/strong><\/li><\/ul>\n\n\n\n<h2>Fragen<\/h2>\n\n\n\n<p>Es stellen sich wom\u00f6glich viele Fragen rund um Ihr Gutachten, besonders wenn es um einen Unfall geht. Zwei davon wollen wir Ihnen schon gleich beantworten, f\u00fcr alle anderen stehen wir Ihnen gerne zur Verf\u00fcgung.<\/p>\n\n\n\n<p><em><strong>Wozu dient ein Unfall-Gutachten?<\/strong><\/em><br>Mit dem Gutachten wird festgestellt, welche Sch\u00e4den am Auto auf den&nbsp;Unfall&nbsp;zur\u00fcckzuf\u00fchren sind und welche voraussichtlichen Kosten die Reparatur verursacht. Dies ist wichtig f\u00fcr die&nbsp;Schadensregulierung.<\/p>\n\n\n\n<p><strong><em>Wer bezahlt die Erstellung des Kfz-Gutachtens?<\/em><\/strong><br>Bei einem fremdverschuldeten Unfall muss die&nbsp;Haftpflicht&nbsp;des Unfallverursachers daf\u00fcr aufkommen. Handelt es sich hingegen um einen Fall f\u00fcr die Kasko-Versicherung, tr\u00e4gt diese in der Regel die Kosten.<\/p>\n","protected":false},"excerpt":{"rendered":"<p>Wir sind die Kfz-Sachverst\u00e4ndigen f\u00fcr Krefeld, T\u00f6nisvorst, Kempen, Willich, Viersen, M\u00f6nchengladbach und Umgebung. Als Kfz-Sachverst\u00e4ndige sind wir Mitglied im 1994[&#8230;]<\/p>\n","protected":false},"author":1,"featured_media":0,"parent":0,"menu_order":0,"comment_status":"closed","ping_status":"closed","template":"","meta":[],"aioseo_notices":[],"_links":{"self":[{"href":"https:\/\/sv-filippakis.de\/index.php\/wp-json\/wp\/v2\/pages\/34"}],"collection":[{"href":"https:\/\/sv-filippakis.de\/index.php\/wp-json\/wp\/v2\/pages"}],"about":[{"href":"https:\/\/sv-filippakis.de\/index.php\/wp-json\/wp\/v2\/types\/page"}],"author":[{"embeddable":true,"href":"https:\/\/sv-filippakis.de\/index.php\/wp-json\/wp\/v2\/users\/1"}],"replies":[{"embeddable":true,"href":"https:\/\/sv-filippakis.de\/index.php\/wp-json\/wp\/v2\/comments?post=34"}],"version-history":[{"count":4,"href":"https:\/\/sv-filippakis.de\/index.php\/wp-json\/wp\/v2\/pages\/34\/revisions"}],"predecessor-version":[{"id":88,"href":"https:\/\/sv-filippakis.de\/index.php\/wp-json\/wp\/v2\/pages\/34\/revisions\/88"}],"wp:attachment":[{"href":"https:\/\/sv-filippakis.de\/index.php\/wp-json\/wp\/v2\/media?parent=34"}],"curies":[{"name":"wp","href":"https:\/\/api.w.org\/{rel}","templated":true}]}}